{"id":31439,"date":"2020-06-25T10:26:21","date_gmt":"2020-06-25T10:26:21","guid":{"rendered":"https:\/\/baobabsuites.com\/?page_id=31439"},"modified":"2023-03-21T11:05:47","modified_gmt":"2023-03-21T11:05:47","slug":"baobab-cycling-friendly","status":"publish","type":"page","link":"https:\/\/baobab-backup24.thethinkin.com\/en\/services\/baobab-cycling-friendly\/","title":{"rendered":"Baobab Cycling Friendly"},"content":{"rendered":"\t\t<div data-elementor-type=\"wp-page\" data-elementor-id=\"31439\" class=\"elementor elementor-31439 elementor-31391\" data-elementor-post-type=\"page\">\n\t\t\t\t<div class=\"elementor-element elementor-element-e5df9cd e-flex e-con-boxed e-con e-parent\" data-id=\"e5df9cd\" data-element_type=\"container\" data-settings=\"{&quot;background_background&quot;:&quot;classic&quot;}\" data-core-v316-plus=\"true\">\n\t\t\t\t\t<div class=\"e-con-inner\">\n\t\t\t\t<div class=\"elementor-element elementor-element-23df125 elementor-widget elementor-widget-shortcode\" data-id=\"23df125\" data-element_type=\"widget\" data-widget_type=\"shortcode.default\">\n\t\t\t\t<div class=\"elementor-widget-container\">\n\t\t\t\t\t<div class=\"elementor-shortcode\">[utb_hotel_search_bar_v2 service_id=\"161\" brand_id=\"f6401053\" \r\n\r\nbackground_color=\"#B3AE9B\" \r\nresident_selected_bg=\"#508e96\" \r\n\r\ncta_normal_bg=\"#394049\"\r\ncta_disable_bg=\"#818a91\" \r\ncta_hover_bg=\"#919B9B\"  \r\n\r\nversion=\"v2\" \r\ndiscounts_enabled=\"0\" \r\napp_font_family=\"inherit\"\r\n\r\n][\/utb_hotel_search_bar_v2]<\/div>\n\t\t\t\t<\/div>\n\t\t\t\t<\/div>\n\t\t\t\t\t<\/div>\n\t\t\t\t<\/div>\n\t\t<div class=\"elementor-element elementor-element-93decd4 e-flex e-con-boxed e-con e-parent\" data-id=\"93decd4\" data-element_type=\"container\" data-core-v316-plus=\"true\">\n\t\t\t\t\t<div class=\"e-con-inner\">\n\t\t<div class=\"elementor-element elementor-element-613f8e8 e-con-full e-flex e-con e-parent\" data-id=\"613f8e8\" data-element_type=\"container\" data-core-v316-plus=\"true\">\n\t\t\t\t<div class=\"elementor-element elementor-element-7987d51 elementor-widget elementor-widget-heading\" data-id=\"7987d51\" data-element_type=\"widget\" data-widget_type=\"heading.default\">\n\t\t\t\t<div class=\"elementor-widget-container\">\n\t\t\t<style>\/*! elementor - v3.20.0 - 26-03-2024 *\/\n.elementor-heading-title{padding:0;margin:0;line-height:1}.elementor-widget-heading .elementor-heading-title[class*=elementor-size-]>a{color:inherit;font-size:inherit;line-height:inherit}.elementor-widget-heading .elementor-heading-title.elementor-size-small{font-size:15px}.elementor-widget-heading .elementor-heading-title.elementor-size-medium{font-size:19px}.elementor-widget-heading .elementor-heading-title.elementor-size-large{font-size:29px}.elementor-widget-heading .elementor-heading-title.elementor-size-xl{font-size:39px}.elementor-widget-heading .elementor-heading-title.elementor-size-xxl{font-size:59px}<\/style><h1 class=\"elementor-heading-title elementor-size-default\">Baobab Cycling Friendly<\/h1>\t\t<\/div>\n\t\t\t\t<\/div>\n\t\t\t\t<div class=\"elementor-element elementor-element-6d8dbee elementor-widget-divider--view-line elementor-widget elementor-widget-divider\" data-id=\"6d8dbee\" data-element_type=\"widget\" data-widget_type=\"divider.default\">\n\t\t\t\t<div class=\"elementor-widget-container\">\n\t\t\t<style>\/*! elementor - v3.20.0 - 26-03-2024 *\/\n.elementor-widget-divider{--divider-border-style:none;--divider-border-width:1px;--divider-color:#0c0d0e;--divider-icon-size:20px;--divider-element-spacing:10px;--divider-pattern-height:24px;--divider-pattern-size:20px;--divider-pattern-url:none;--divider-pattern-repeat:repeat-x}.elementor-widget-divider .elementor-divider{display:flex}.elementor-widget-divider .elementor-divider__text{font-size:15px;line-height:1;max-width:95%}.elementor-widget-divider .elementor-divider__element{margin:0 var(--divider-element-spacing);flex-shrink:0}.elementor-widget-divider .elementor-icon{font-size:var(--divider-icon-size)}.elementor-widget-divider .elementor-divider-separator{display:flex;margin:0;direction:ltr}.elementor-widget-divider--view-line_icon .elementor-divider-separator,.elementor-widget-divider--view-line_text .elementor-divider-separator{align-items:center}.elementor-widget-divider--view-line_icon .elementor-divider-separator:after,.elementor-widget-divider--view-line_icon .elementor-divider-separator:before,.elementor-widget-divider--view-line_text .elementor-divider-separator:after,.elementor-widget-divider--view-line_text .elementor-divider-separator:before{display:block;content:\"\";border-block-end:0;flex-grow:1;border-block-start:var(--divider-border-width) var(--divider-border-style) var(--divider-color)}.elementor-widget-divider--element-align-left .elementor-divider .elementor-divider-separator>.elementor-divider__svg:first-of-type{flex-grow:0;flex-shrink:100}.elementor-widget-divider--element-align-left .elementor-divider-separator:before{content:none}.elementor-widget-divider--element-align-left .elementor-divider__element{margin-left:0}.elementor-widget-divider--element-align-right .elementor-divider .elementor-divider-separator>.elementor-divider__svg:last-of-type{flex-grow:0;flex-shrink:100}.elementor-widget-divider--element-align-right .elementor-divider-separator:after{content:none}.elementor-widget-divider--element-align-right .elementor-divider__element{margin-right:0}.elementor-widget-divider--element-align-start .elementor-divider .elementor-divider-separator>.elementor-divider__svg:first-of-type{flex-grow:0;flex-shrink:100}.elementor-widget-divider--element-align-start .elementor-divider-separator:before{content:none}.elementor-widget-divider--element-align-start .elementor-divider__element{margin-inline-start:0}.elementor-widget-divider--element-align-end .elementor-divider .elementor-divider-separator>.elementor-divider__svg:last-of-type{flex-grow:0;flex-shrink:100}.elementor-widget-divider--element-align-end .elementor-divider-separator:after{content:none}.elementor-widget-divider--element-align-end .elementor-divider__element{margin-inline-end:0}.elementor-widget-divider:not(.elementor-widget-divider--view-line_text):not(.elementor-widget-divider--view-line_icon) .elementor-divider-separator{border-block-start:var(--divider-border-width) var(--divider-border-style) var(--divider-color)}.elementor-widget-divider--separator-type-pattern{--divider-border-style:none}.elementor-widget-divider--separator-type-pattern.elementor-widget-divider--view-line .elementor-divider-separator,.elementor-widget-divider--separator-type-pattern:not(.elementor-widget-divider--view-line) .elementor-divider-separator:after,.elementor-widget-divider--separator-type-pattern:not(.elementor-widget-divider--view-line) .elementor-divider-separator:before,.elementor-widget-divider--separator-type-pattern:not([class*=elementor-widget-divider--view]) .elementor-divider-separator{width:100%;min-height:var(--divider-pattern-height);-webkit-mask-size:var(--divider-pattern-size) 100%;mask-size:var(--divider-pattern-size) 100%;-webkit-mask-repeat:var(--divider-pattern-repeat);mask-repeat:var(--divider-pattern-repeat);background-color:var(--divider-color);-webkit-mask-image:var(--divider-pattern-url);mask-image:var(--divider-pattern-url)}.elementor-widget-divider--no-spacing{--divider-pattern-size:auto}.elementor-widget-divider--bg-round{--divider-pattern-repeat:round}.rtl .elementor-widget-divider .elementor-divider__text{direction:rtl}.e-con-inner>.elementor-widget-divider,.e-con>.elementor-widget-divider{width:var(--container-widget-width,100%);--flex-grow:var(--container-widget-flex-grow)}<\/style>\t\t<div class=\"elementor-divider\">\n\t\t\t<span class=\"elementor-divider-separator\">\n\t\t\t\t\t\t<\/span>\n\t\t<\/div>\n\t\t\t\t<\/div>\n\t\t\t\t<\/div>\n\t\t\t\t<div class=\"elementor-element elementor-element-17cda80 elementor-widget elementor-widget-heading\" data-id=\"17cda80\" data-element_type=\"widget\" data-widget_type=\"heading.default\">\n\t\t\t\t<div class=\"elementor-widget-container\">\n\t\t\t<h2 class=\"elementor-heading-title elementor-size-default\">The Island of Tenerife, is one of the best places to enjoy cycling thanks to its climate, its great number of cycling routes and and above all for training at great altitudes, ideal to enjoy a great cycling experience<\/h2>\t\t<\/div>\n\t\t\t\t<\/div>\n\t\t\t\t<div class=\"elementor-element elementor-element-70930c1 elementor-widget elementor-widget-text-editor\" data-id=\"70930c1\" data-element_type=\"widget\" data-widget_type=\"text-editor.default\">\n\t\t\t\t<div class=\"elementor-widget-container\">\n\t\t\t<style>\/*! elementor - v3.20.0 - 26-03-2024 *\/\n.elementor-widget-text-editor.elementor-drop-cap-view-stacked .elementor-drop-cap{background-color:#69727d;color:#fff}.elementor-widget-text-editor.elementor-drop-cap-view-framed .elementor-drop-cap{color:#69727d;border:3px solid;background-color:transparent}.elementor-widget-text-editor:not(.elementor-drop-cap-view-default) .elementor-drop-cap{margin-top:8px}.elementor-widget-text-editor:not(.elementor-drop-cap-view-default) .elementor-drop-cap-letter{width:1em;height:1em}.elementor-widget-text-editor .elementor-drop-cap{float:left;text-align:center;line-height:1;font-size:50px}.elementor-widget-text-editor .elementor-drop-cap-letter{display:inline-block}<\/style>\t\t\t\t<p>In Baobab Suites you will find the best space made to measure conditions for the cyclist as it has a wide range of services for those who come to visit the island by bike.<\/p>\n\t\t\t\t\t\t<\/div>\n\t\t\t\t<\/div>\n\t\t\t\t<div class=\"elementor-element elementor-element-4211304 elementor-widget elementor-widget-button\" data-id=\"4211304\" data-element_type=\"widget\" data-widget_type=\"button.default\">\n\t\t\t\t<div class=\"elementor-widget-container\">\n\t\t\t\t\t<div class=\"elementor-button-wrapper\">\n\t\t\t<a class=\"elementor-button elementor-button-link elementor-size-sm\" href=\"#reservas\">\n\t\t\t\t\t\t<span class=\"elementor-button-content-wrapper\">\n\t\t\t\t\t\t<span class=\"elementor-button-text\">BOOKING FORM<\/span>\n\t\t<\/span>\n\t\t\t\t\t<\/a>\n\t\t<\/div>\n\t\t\t\t<\/div>\n\t\t\t\t<\/div>\n\t\t<div class=\"elementor-element elementor-element-1286ae9 e-con-full e-flex e-con e-parent\" data-id=\"1286ae9\" data-element_type=\"container\" data-core-v316-plus=\"true\">\n\t\t<div class=\"elementor-element elementor-element-206700d e-con-full e-flex e-con e-parent\" data-id=\"206700d\" data-element_type=\"container\" data-core-v316-plus=\"true\">\n\t\t\t\t<div class=\"elementor-element elementor-element-56da7ec elementor-widget elementor-widget-heading\" data-id=\"56da7ec\" data-element_type=\"widget\" data-widget_type=\"heading.default\">\n\t\t\t\t<div class=\"elementor-widget-container\">\n\t\t\t<h3 class=\"elementor-heading-title elementor-size-default\">HOTEL CYCLING SERVICES<\/h3>\t\t<\/div>\n\t\t\t\t<\/div>\n\t\t\t\t<div class=\"elementor-element elementor-element-8acce1f elementor-widget elementor-widget-text-editor\" data-id=\"8acce1f\" data-element_type=\"widget\" data-widget_type=\"text-editor.default\">\n\t\t\t\t<div class=\"elementor-widget-container\">\n\t\t\t\t\t\t\t<ul>\n<li>Bicycle garage<\/li>\n<li>Washing area<\/li>\n<li>Tooling workshop<\/li>\n<li>Repair Support<\/li>\n<li>Air pump<\/li>\n<li>Customized routes<\/li>\n<li>Bicycle rental<\/li>\n<li>Physiotherapy service<\/li>\n<li>Transfer service<\/li>\n<li>Free download of customized routes<\/li>\n<li>Gymnasium SPA area<\/li>\n<li>Welcome Pack<\/li>\n<li>Bike Tips<\/li>\n<\/ul>\n\t\t\t\t\t\t<\/div>\n\t\t\t\t<\/div>\n\t\t\t\t<\/div>\n\t\t<div class=\"elementor-element elementor-element-ce95062 e-con-full e-flex e-con e-parent\" data-id=\"ce95062\" data-element_type=\"container\" data-core-v316-plus=\"true\">\n\t\t\t\t<div class=\"elementor-element elementor-element-5b64063 elementor-widget elementor-widget-heading\" data-id=\"5b64063\" data-element_type=\"widget\" data-widget_type=\"heading.default\">\n\t\t\t\t<div class=\"elementor-widget-container\">\n\t\t\t<h3 class=\"elementor-heading-title elementor-size-default\">CUSTOMIZED ROUTES<\/h3>\t\t<\/div>\n\t\t\t\t<\/div>\n\t\t\t\t<div class=\"elementor-element elementor-element-4cd483b elementor-widget__width-auto elementor-widget elementor-widget-jet-listing-dynamic-repeater\" data-id=\"4cd483b\" data-element_type=\"widget\" data-widget_type=\"jet-listing-dynamic-repeater.default\">\n\t\t\t\t<div class=\"elementor-widget-container\">\n\t\t\t<div class=\"jet-listing jet-listing-dynamic-repeater\"><div class=\"jet-listing-dynamic-repeater__items \"><div class=\"jet-listing-dynamic-repeater__item\"><a href=\"https:\/\/www.cycling-friendly.com\/en\/routes\/2920\/baobab-suites-granadilla-montana-colorada\/\" target=\"_blank\" rel=\"noopener\">Route: Baobab Suites - Granadilla - Monta\u00f1a Colorada<\/a> <\/div><div class=\"jet-listing-dynamic-repeater__item\"><a href=\"https:\/\/www.cycling-friendly.com\/en\/routes\/2921\/baobab-suites-guia-de-isora-masca\" target=\"_blank\" rel=\"noopener\">Route: Baobab Suites - Gu\u00eda de Isora - Masca<\/a> <\/div><div class=\"jet-listing-dynamic-repeater__item\"><a href=\"https:\/\/www.cycling-friendly.com\/en\/routes\/2922\/baobab-suites-chirche-teide\" target=\"_blank\" rel=\"noopener\">Route: Suites - Chirche - Teide<\/a> <\/div><div class=\"jet-listing-dynamic-repeater__item\"><a href=\"https:\/\/www.cycling-friendly.com\/en\/routes\/2923\/baobab-suites-guia-de-isora\" target=\"_blank\" rel=\"noopener\">Route: Baobab Suites - Gu\u00eda de Isora<\/a> <\/div><div class=\"jet-listing-dynamic-repeater__item\"><a href=\"https:\/\/www.cycling-friendly.com\/en\/routes\/2924\/baobab-suites-san-miguel-detajao\" target=\"_blank\" rel=\"noopener\">Route: Baobab Suites - San Miguel de Tajao<\/a> <\/div><\/div><\/div>\t\t<\/div>\n\t\t\t\t<\/div>\n\t\t\t\t<\/div>\n\t\t<div class=\"elementor-element elementor-element-babe455 e-con-full e-flex e-con e-parent\" data-id=\"babe455\" data-element_type=\"container\" data-core-v316-plus=\"true\">\n\t\t\t\t<div class=\"elementor-element elementor-element-03ff4be elementor-widget elementor-widget-heading\" data-id=\"03ff4be\" data-element_type=\"widget\" data-widget_type=\"heading.default\">\n\t\t\t\t<div class=\"elementor-widget-container\">\n\t\t\t<h2 class=\"elementor-heading-title elementor-size-default\">Enjoy with us a complete cycling experience.<\/h2>\t\t<\/div>\n\t\t\t\t<\/div>\n\t\t\t\t<div class=\"elementor-element elementor-element-a1be023 elementor-widget elementor-widget-jet-listing-grid\" data-id=\"a1be023\" data-element_type=\"widget\" data-settings=\"{&quot;columns&quot;:&quot;1&quot;,&quot;columns_mobile&quot;:&quot;1&quot;}\" data-widget_type=\"jet-listing-grid.default\">\n\t\t\t\t<div class=\"elementor-widget-container\">\n\t\t\t<div class=\"jet-listing-grid jet-listing\"><div class=\"jet-listing-grid__items grid-col-desk-1 grid-col-tablet-1 grid-col-mobile-1 jet-listing-grid--29621 jet-equal-columns__wrapper\" data-queried-id=\"31439|WP_Post\" data-nav=\"{&quot;enabled&quot;:false,&quot;type&quot;:null,&quot;more_el&quot;:null,&quot;query&quot;:[],&quot;widget_settings&quot;:{&quot;lisitng_id&quot;:29621,&quot;posts_num&quot;:1,&quot;columns&quot;:1,&quot;columns_tablet&quot;:1,&quot;columns_mobile&quot;:1,&quot;is_archive_template&quot;:&quot;&quot;,&quot;post_status&quot;:[&quot;publish&quot;],&quot;use_random_posts_num&quot;:&quot;&quot;,&quot;max_posts_num&quot;:9,&quot;not_found_message&quot;:&quot;No data was found&quot;,&quot;is_masonry&quot;:false,&quot;equal_columns_height&quot;:&quot;yes&quot;,&quot;use_load_more&quot;:&quot;&quot;,&quot;load_more_id&quot;:&quot;&quot;,&quot;load_more_type&quot;:&quot;click&quot;,&quot;load_more_offset&quot;:{&quot;unit&quot;:&quot;px&quot;,&quot;size&quot;:0,&quot;sizes&quot;:[]},&quot;use_custom_post_types&quot;:&quot;&quot;,&quot;custom_post_types&quot;:[],&quot;hide_widget_if&quot;:&quot;&quot;,&quot;carousel_enabled&quot;:&quot;&quot;,&quot;slides_to_scroll&quot;:&quot;1&quot;,&quot;arrows&quot;:&quot;true&quot;,&quot;arrow_icon&quot;:&quot;fa fa-angle-left&quot;,&quot;dots&quot;:&quot;&quot;,&quot;autoplay&quot;:&quot;true&quot;,&quot;pause_on_hover&quot;:&quot;true&quot;,&quot;autoplay_speed&quot;:5000,&quot;infinite&quot;:&quot;true&quot;,&quot;center_mode&quot;:&quot;&quot;,&quot;effect&quot;:&quot;slide&quot;,&quot;speed&quot;:500,&quot;inject_alternative_items&quot;:&quot;&quot;,&quot;injection_items&quot;:[],&quot;scroll_slider_enabled&quot;:&quot;&quot;,&quot;scroll_slider_on&quot;:[&quot;desktop&quot;,&quot;tablet&quot;,&quot;mobile&quot;],&quot;custom_query&quot;:false,&quot;custom_query_id&quot;:&quot;&quot;,&quot;_element_id&quot;:&quot;&quot;}}\" data-page=\"1\" data-pages=\"1\" data-listing-source=\"posts\" data-listing-id=\"29621\" data-query-id=\"\"><div class=\"jet-listing-grid__item jet-listing-dynamic-post-34950 jet-equal-columns\" data-post-id=\"34950\" ><style type=\"text\/css\">.jet-listing-dynamic-post-34950 .elementor-element.elementor-element-04a6ee2:not(.elementor-motion-effects-element-type-background), .jet-listing-dynamic-post-34950 .elementor-element.elementor-element-04a6ee2 > .elementor-motion-effects-container > .elementor-motion-effects-layer{background-image:url(\"https:\/\/baobab-backup24.thethinkin.com\/wp-content\/uploads\/2021\/06\/suite-ciclistas-baobab-tenerife-2-1.jpg\");}<\/style><div class=\"jet-engine-listing-overlay-wrap\" data-url=\"https:\/\/baobab-backup24.thethinkin.com\/en\/suites-luxury-hotel-tenerife\/1-bedroom\/cycling-experience-in-divinity-bliss\/\">\t\t<div data-elementor-type=\"jet-listing-items\" data-elementor-id=\"29621\" class=\"elementor elementor-29621 elementor-27292\" data-elementor-post-type=\"jet-engine\">\n\t\t\t\t<div class=\"elementor-element elementor-element-04a6ee2 e-flex e-con-boxed e-con e-parent\" data-id=\"04a6ee2\" data-element_type=\"container\" data-settings=\"{&quot;background_background&quot;:&quot;classic&quot;}\" data-core-v316-plus=\"true\">\n\t\t\t\t\t<div class=\"e-con-inner\">\n\t\t<div class=\"elementor-element elementor-element-d54e613 e-con-full e-flex e-con e-parent\" data-id=\"d54e613\" data-element_type=\"container\" data-settings=\"{&quot;background_background&quot;:&quot;classic&quot;}\" data-core-v316-plus=\"true\">\n\t\t\t\t<div class=\"elementor-element elementor-element-4afdba8 elementor-widget__width-auto elementor-widget elementor-widget-jet-listing-dynamic-terms\" data-id=\"4afdba8\" data-element_type=\"widget\" data-widget_type=\"jet-listing-dynamic-terms.default\">\n\t\t\t\t<div class=\"elementor-widget-container\">\n\t\t\t<div class=\"jet-listing jet-listing-dynamic-terms\"><span class=\"jet-listing-dynamic-terms__link\">1 Bedroom<\/span><\/div>\t\t<\/div>\n\t\t\t\t<\/div>\n\t\t\t\t<div class=\"elementor-element elementor-element-564cb03 elementor-widget__width-auto elementor-widget elementor-widget-jet-listing-dynamic-terms\" data-id=\"564cb03\" data-element_type=\"widget\" data-widget_type=\"jet-listing-dynamic-terms.default\">\n\t\t\t\t<div class=\"elementor-widget-container\">\n\t\t\t<div class=\"jet-listing jet-listing-dynamic-terms\"><span class=\"jet-listing-dynamic-terms__link\">Cycling Experience<\/span><\/div>\t\t<\/div>\n\t\t\t\t<\/div>\n\t\t\t\t<div class=\"elementor-element elementor-element-fee4a99 elementor-widget-divider--view-line elementor-widget elementor-widget-divider\" data-id=\"fee4a99\" data-element_type=\"widget\" data-widget_type=\"divider.default\">\n\t\t\t\t<div class=\"elementor-widget-container\">\n\t\t\t\t\t<div class=\"elementor-divider\">\n\t\t\t<span class=\"elementor-divider-separator\">\n\t\t\t\t\t\t<\/span>\n\t\t<\/div>\n\t\t\t\t<\/div>\n\t\t\t\t<\/div>\n\t\t\t\t<div class=\"elementor-element elementor-element-cec16a5 elementor-widget__width-auto elementor-widget elementor-widget-heading\" data-id=\"cec16a5\" data-element_type=\"widget\" data-widget_type=\"heading.default\">\n\t\t\t\t<div class=\"elementor-widget-container\">\n\t\t\t<h2 class=\"elementor-heading-title elementor-size-default\"><a href=\"https:\/\/baobab-backup24.thethinkin.com\/en\/suites-luxury-hotel-tenerife\/1-bedroom\/cycling-experience-in-divinity-bliss\/\">Cycling Experience in Divinity Bliss<\/a><\/h2>\t\t<\/div>\n\t\t\t\t<\/div>\n\t\t\t\t<\/div>\n\t\t\t\t\t<\/div>\n\t\t\t\t<\/div>\n\t\t\t\t<\/div>\n\t\t<a href=\"https:\/\/baobab-backup24.thethinkin.com\/en\/suites-luxury-hotel-tenerife\/1-bedroom\/cycling-experience-in-divinity-bliss\/\" class=\"jet-engine-listing-overlay-link\"><\/a><\/div><\/div><\/div><\/div>\t\t<\/div>\n\t\t\t\t<\/div>\n\t\t\t\t<\/div>\n\t\t\t\t<\/div>\n\t\t\t\t<\/div>\n\t\t\t\t\t<\/div>\n\t\t\t\t<\/div>\n\t\t<div class=\"elementor-element elementor-element-aa295df e-flex e-con-boxed e-con e-parent\" data-id=\"aa295df\" data-element_type=\"container\" data-core-v316-plus=\"true\">\n\t\t\t\t\t<div class=\"e-con-inner\">\n\t\t<div class=\"elementor-element elementor-element-8559c9a e-con-full e-flex e-con e-parent\" data-id=\"8559c9a\" data-element_type=\"container\" data-core-v316-plus=\"true\">\n\t\t\t\t<div class=\"elementor-element elementor-element-43ce324 elementor-widget elementor-widget-image\" data-id=\"43ce324\" data-element_type=\"widget\" data-widget_type=\"image.default\">\n\t\t\t\t<div class=\"elementor-widget-container\">\n\t\t\t<style>\/*! elementor - v3.20.0 - 26-03-2024 *\/\n.elementor-widget-image{text-align:center}.elementor-widget-image a{display:inline-block}.elementor-widget-image a img[src$=\".svg\"]{width:48px}.elementor-widget-image img{vertical-align:middle;display:inline-block}<\/style>\t\t\t\t\t\t\t<figure class=\"wp-caption\">\n\t\t\t\t\t\t\t\t\t\t<img decoding=\"async\" src=\"https:\/\/baobab-backup24.thethinkin.com\/wp-content\/uploads\/elementor\/thumbs\/Logos_Simplificados_GriseS-_SILVER-px4ihnfkio4q18l95dbtj71q62zqn4xkxl3z9mfni0.png\" title=\"\" alt=\"\" loading=\"lazy\" \/>\t\t\t\t\t\t\t\t\t\t\t<figcaption class=\"widget-image-caption wp-caption-text\"><\/figcaption>\n\t\t\t\t\t\t\t\t\t\t<\/figure>\n\t\t\t\t\t\t\t<\/div>\n\t\t\t\t<\/div>\n\t\t\t\t<\/div>\n\t\t\t\t\t<\/div>\n\t\t\t\t<\/div>\n\t\t<div class=\"elementor-element elementor-element-a729fc5 e-flex e-con-boxed e-con e-parent\" data-id=\"a729fc5\" data-element_type=\"container\" data-core-v316-plus=\"true\">\n\t\t\t\t\t<div class=\"e-con-inner\">\n\t\t<div class=\"elementor-element elementor-element-4d5515e e-con-full e-flex e-con e-parent\" data-id=\"4d5515e\" data-element_type=\"container\" data-core-v316-plus=\"true\">\n\t\t\t\t<div class=\"elementor-element elementor-element-a852608 elementor-widget elementor-widget-heading\" data-id=\"a852608\" data-element_type=\"widget\" data-widget_type=\"heading.default\">\n\t\t\t\t<div class=\"elementor-widget-container\">\n\t\t\t<h3 class=\"elementor-heading-title elementor-size-default\">BOOKING FORM<\/h3>\t\t<\/div>\n\t\t\t\t<\/div>\n\t\t\t\t<div class=\"elementor-element elementor-element-3313cfa elementor-widget elementor-widget-menu-anchor\" data-id=\"3313cfa\" data-element_type=\"widget\" data-widget_type=\"menu-anchor.default\">\n\t\t\t\t<div class=\"elementor-widget-container\">\n\t\t\t<style>\/*! elementor - v3.20.0 - 26-03-2024 *\/\nbody.elementor-page .elementor-widget-menu-anchor{margin-bottom:0}<\/style>\t\t<div id=\"reservas\" class=\"elementor-menu-anchor\"><\/div>\n\t\t\t\t<\/div>\n\t\t\t\t<\/div>\n\t\t\t\t<div class=\"elementor-element elementor-element-91480e1 elementor-widget elementor-widget-html\" data-id=\"91480e1\" data-element_type=\"widget\" data-widget_type=\"html.default\">\n\t\t\t\t<div class=\"elementor-widget-container\">\n\t\t\t<iframe src=\"https:\/\/cycling-friendly.com\/es\/iframe\/bikerental?%2Blang=es&location=Baobab%20Suites\" style=\"border:0px #ffffff none;\" name=\"iFrameGenerator\" scrolling=\"no\" frameborder=\"0\" marginheight=\"0px\" marginwidth=\"0px\" height=\"800px\" width=\"1500px\" allowfullscreen><\/iframe>\t\t<\/div>\n\t\t\t\t<\/div>\n\t\t\t\t<\/div>\n\t\t\t\t\t<\/div>\n\t\t\t\t<\/div>\n\t\t\t\t<\/div>\n\t\t","protected":false},"excerpt":{"rendered":"<p>BOOKING FORM HOTEL CYCLING SERVICES CUSTOMIZED ROUTES Route: Baobab Suites &#8211; Granadilla &#8211; Monta\u00f1a Colorada Route: Baobab Suites &#8211; Gu\u00eda de Isora &#8211; Masca Route: Suites &#8211; Chirche &#8211; Teide Route: Baobab Suites &#8211; Gu\u00eda de Isora Route: Baobab Suites &#8211; San Miguel de Tajao Enjoy with us a complete cycling experience. 1 Bedroom Cycling &#8230; <a title=\"Baobab Cycling Friendly\" class=\"read-more\" href=\"https:\/\/baobab-backup24.thethinkin.com\/en\/services\/baobab-cycling-friendly\/\" aria-label=\"Read more about Baobab Cycling Friendly\">Read more<\/a><\/p>\n","protected":false},"author":1,"featured_media":31433,"parent":13386,"menu_order":0,"comment_status":"closed","ping_status":"closed","template":"elementor_header_footer","meta":{"footnotes":""},"acf":[],"publishpress_future_action":{"enabled":false,"date":"2026-04-22 20:50:29","action":"change-status","newStatus":"draft","terms":[],"taxonomy":"translation_priority"},"_links":{"self":[{"href":"https:\/\/baobab-backup24.thethinkin.com\/en\/wp-json\/wp\/v2\/pages\/31439"}],"collection":[{"href":"https:\/\/baobab-backup24.thethinkin.com\/en\/wp-json\/wp\/v2\/pages"}],"about":[{"href":"https:\/\/baobab-backup24.thethinkin.com\/en\/wp-json\/wp\/v2\/types\/page"}],"author":[{"embeddable":true,"href":"https:\/\/baobab-backup24.thethinkin.com\/en\/wp-json\/wp\/v2\/users\/1"}],"replies":[{"embeddable":true,"href":"https:\/\/baobab-backup24.thethinkin.com\/en\/wp-json\/wp\/v2\/comments?post=31439"}],"version-history":[{"count":0,"href":"https:\/\/baobab-backup24.thethinkin.com\/en\/wp-json\/wp\/v2\/pages\/31439\/revisions"}],"up":[{"embeddable":true,"href":"https:\/\/baobab-backup24.thethinkin.com\/en\/wp-json\/wp\/v2\/pages\/13386"}],"wp:featuredmedia":[{"embeddable":true,"href":"https:\/\/baobab-backup24.thethinkin.com\/en\/wp-json\/wp\/v2\/media\/31433"}],"wp:attachment":[{"href":"https:\/\/baobab-backup24.thethinkin.com\/en\/wp-json\/wp\/v2\/media?parent=31439"}],"curies":[{"name":"wp","href":"https:\/\/api.w.org\/{rel}","templated":true}]}}